{"id":106,"date":"2014-04-15T17:36:08","date_gmt":"2014-04-15T16:36:08","guid":{"rendered":"http:\/\/ivirtivik.org\/contacts-2\/"},"modified":"2026-05-06T16:07:43","modified_gmt":"2026-05-06T15:07:43","slug":"contacts","status":"publish","type":"page","link":"http:\/\/ivirtivik.org\/en\/contacts\/","title":{"rendered":"Contacts"},"content":{"rendered":"<div  class=\"tile \">\n<div  class=\"hd \">Ivirtivik Centre Montreal<\/div>\n<div  class=\"map \">\n<iframe loading=\"lazy\" style=\"border: 0px currentColor;\" src=\"https:\/\/www.google.com\/maps\/embed?pb=!1m14!1m8!1m3!1d5597.101239700955!2d-73.5717332!3d45.45871100000001!3m2!1i1024!2i768!4f13.1!3m3!1m2!1s0x4cc91060b3efd9ad%3A0x91d1d8b63a8a7d!2s4590+Verdun+St!5e0!3m2!1sen!2s!4v1398708326138\" width=\"100%\" height=\"300\" frameborder=\"0\"><\/iframe>\n<\/div>\n<div class=\"bd\">\n<h6>Ivirtivik Centre<\/h6>\n<p class=\"address\">4590 de verdun, Suite 200 Montr\u00e9al Qu\u00e9bec H4G 1M3<br \/>\n<em class=\"metro-station\">Verdun<\/em><br \/>\n<em class=\"phone-type\">T<\/em> 514 564 3051 <em class=\"phone-type\">F<\/em> 514 419 2439<br \/>\n<a href=\"mailto:info@ivirtivik.org\">info@ivirtivik.org<\/a><\/p>\n<h6>Isabelle Pr\u00e9gent <small>Executive Director, PS Jeunesse<br \/>\n<\/small><\/h6>\n<p><a href=\"mailto:ipregent@psjeunesse.org\">ipregent@psjeunesse.org<\/a><\/p>\n<h6>Isabelle Picard<small> Senior Manager Inuit Services, PS Jeunesse<\/small><\/h6>\n<p><a href=\"mailto:ipicard@psjeunesse.org\">ipicard@psjeunesse.org<\/a><\/p>\n<h6>Marianne Brassard <small>Employment counsellor, Ivirtivik<br \/>\n<\/small><\/h6>\n<p><a href=\"mailto:mbrassard@ivirtivik.org\">mbrassard@ivirtivik.org<\/a><\/p>\n<h6>Michael Smith <small><\/small><small>Employment counsellor, Ivirtivik<\/small><small><\/small><\/h6>\n<p><a href=\"mailto:msmith@ivirtivik.org\">msmith@ivirtivik.org<\/a><\/p>\n<h6>Natasha Flath <small>Employment counsellor, Ivirtivik<\/small><\/h6>\n<p><a href=\"mailto:nflath@ivirtivik.org\">nflath@ivirtivik.org<\/a><\/p>\n<h6>Jessika Millier <small>Employment counsellor, Ivirtivik<\/small><\/h6>\n<p><a href=\"mailto:jmillier@ivirtivik.org\">jmillier@ivirtivik.org<\/a><\/p>\n<h6>Susie Augiak <small>Animator, Ivirtivik<\/small><\/h6>\n<p><a href=\"mailto:reception@ivirtivik.org\">reception@ivirtivik.org<\/a><\/p>\n<h6>Claudia Sescu\u00a0 <small>Team Leader, Ivirtivik<br \/>\n<\/small><\/h6>\n<p>[On leave]<\/p>\n<h6>Tapia Apak\u00a0<small> Urban Employment Agent, Ivirtivik<br \/>\n<\/small><\/h6>\n<p>[On leave]<\/p>\n<p>&nbsp;<\/p>\n<\/div>\n<\/div>\n","protected":false},"excerpt":{"rendered":"<p>Ivirtivik Centre Montreal Ivirtivik Centre 4590 de verdun, Suite 200 Montr\u00e9al Qu\u00e9bec H4G 1M3 Verdun T 514 564 3051 F 514 419 2439 info@ivirtivik.org Isabelle Pr\u00e9gent Executive Director, PS Jeunesse ipregent@psjeunesse.org Isabelle Picard Senior Manager Inuit Services, PS Jeunesse ipicard@psjeunesse.org Marianne Brassard Employment counsellor, Ivirtivik mbrassard@ivirtivik.org Michael Smith Employment counsellor, Ivirtivik msmith@ivirtivik.org Natasha Flath Employment [&hellip;]<\/p>\n","protected":false},"author":1,"featured_media":52,"parent":0,"menu_order":0,"comment_status":"open","ping_status":"open","template":"","meta":{"footnotes":""},"class_list":["post-106","page","type-page","status-publish","has-post-thumbnail","hentry"],"_links":{"self":[{"href":"http:\/\/ivirtivik.org\/en\/wp-json\/wp\/v2\/pages\/106","targetHints":{"allow":["GET"]}}],"collection":[{"href":"http:\/\/ivirtivik.org\/en\/wp-json\/wp\/v2\/pages"}],"about":[{"href":"http:\/\/ivirtivik.org\/en\/wp-json\/wp\/v2\/types\/page"}],"author":[{"embeddable":true,"href":"http:\/\/ivirtivik.org\/en\/wp-json\/wp\/v2\/users\/1"}],"replies":[{"embeddable":true,"href":"http:\/\/ivirtivik.org\/en\/wp-json\/wp\/v2\/comments?post=106"}],"version-history":[{"count":66,"href":"http:\/\/ivirtivik.org\/en\/wp-json\/wp\/v2\/pages\/106\/revisions"}],"predecessor-version":[{"id":719,"href":"http:\/\/ivirtivik.org\/en\/wp-json\/wp\/v2\/pages\/106\/revisions\/719"}],"wp:featuredmedia":[{"embeddable":true,"href":"http:\/\/ivirtivik.org\/en\/wp-json\/wp\/v2\/media\/52"}],"wp:attachment":[{"href":"http:\/\/ivirtivik.org\/en\/wp-json\/wp\/v2\/media?parent=106"}],"curies":[{"name":"wp","href":"https:\/\/api.w.org\/{rel}","templated":true}]}}