{"id":108,"date":"2014-04-15T17:35:57","date_gmt":"2014-04-15T16:35:57","guid":{"rendered":"http:\/\/ivirtivik.org\/liens-2\/"},"modified":"2020-03-12T20:02:34","modified_gmt":"2020-03-12T19:02:34","slug":"liens","status":"publish","type":"page","link":"http:\/\/ivirtivik.org\/en\/liens\/","title":{"rendered":"Liens"},"content":{"rendered":"<h6>Ma\u00eetres d\u2019\u0153uvre du projet<\/h6>\n<ul class=\"no-bullet\">\n<li><a href=\"http:\/\/www.krg.ca\/\" target=\"_blank\" rel=\"noopener noreferrer\">Administration r\u00e9gionale Kativik (ARK) \u2013 Kuujjuaq, Qu\u00e9bec<\/a><\/li>\n<li><a href=\"http:\/\/www.psjeunesse.org\/\" target=\"_blank\" rel=\"noopener noreferrer\">P.S. Jeunesse \u2013 Salaberry-de-Valleyfield, Qu\u00e9bec<\/a><\/li>\n<li><a href=\"www.axtra.ca\" target=\"_blank\" rel=\"noopener noreferrer\">AXTRA | Alliance des centres-conseils en emploi\u00a0\u2013 Montr\u00e9al, Qu\u00e9bec<\/a><\/li>\n<\/ul>\n<h6>Partenaires et autres ressources<\/h6>\n<ul class=\"no-bullet\">\n<li style=\"list-style-type: none;\">\n<ul class=\"no-bullet\">\n<li><a href=\"http:\/\/www.frontiercollege.ca\/organisme_alphabetisation.html\" target=\"_blank\" rel=\"noopener noreferrer\">Coll\u00e8ge Fronti\u00e8re, organisme d\u2019alphab\u00e9tisation national \u2013 Montr\u00e9al, Qu\u00e9bec<\/a><\/li>\n<li><a href=\"http:\/\/www.fimesip.ca\/\" target=\"_blank\" rel=\"noopener noreferrer\">First Nations, Inuit and M\u00e9tis Essential Skills Inventory Project (FIMESIP) \u2013 Ottawa, Ontario<\/a><\/li>\n<li><a href=\"https:\/\/pijunnaqunga.org\/\" target=\"_blank\" rel=\"noopener noreferrer\">Pijunnaqunga<\/a><\/li>\n<li><a href=\"https:\/\/www.quebec.ca\/\" target=\"_blank\" rel=\"noopener noreferrer\">Services Qu\u00e9bec, r\u00e9gion de Montr\u00e9al<\/a><\/li>\n<li><a href=\"http:\/\/www.ccpnimt-fnilmac.com\/en\/index.html\" target=\"_blank\" rel=\"noopener noreferrer\">Comit\u00e9 consultatif Premi\u00e8res Nations et Inuit<\/a><\/li>\n<li><a href=\"https:\/\/www.facebook.com\/ivirtivikmontreal\" target=\"_blank\" rel=\"noopener noreferrer\">Page Facebook &#8211; Centre Ivirtivik, Verdun<\/a><\/li>\n<li><a href=\"https:\/\/www.facebook.com\/ps.jeunesse.focus.travail.en.liberte\" target=\"_blank\" rel=\"noopener noreferrer\">Page Facebook &#8211; PS Jeunesse<\/a><\/li>\n<\/ul>\n<\/li>\n<\/ul>\n","protected":false},"excerpt":{"rendered":"<p>Ma\u00eetres d\u2019\u0153uvre du projet Administration r\u00e9gionale Kativik (ARK) \u2013 Kuujjuaq, Qu\u00e9bec P.S. Jeunesse \u2013 Salaberry-de-Valleyfield, Qu\u00e9bec AXTRA | Alliance des centres-conseils en emploi\u00a0\u2013 Montr\u00e9al, Qu\u00e9bec Partenaires et autres ressources Coll\u00e8ge Fronti\u00e8re, organisme d\u2019alphab\u00e9tisation national \u2013 Montr\u00e9al, Qu\u00e9bec First Nations, Inuit and M\u00e9tis Essential Skills Inventory Project (FIMESIP) \u2013 Ottawa, Ontario Pijunnaqunga Services Qu\u00e9bec, r\u00e9gion de [&hellip;]<\/p>\n","protected":false},"author":1,"featured_media":109,"parent":0,"menu_order":0,"comment_status":"open","ping_status":"open","template":"","meta":{"footnotes":""},"class_list":["post-108","page","type-page","status-publish","has-post-thumbnail","hentry"],"_links":{"self":[{"href":"http:\/\/ivirtivik.org\/en\/wp-json\/wp\/v2\/pages\/108","targetHints":{"allow":["GET"]}}],"collection":[{"href":"http:\/\/ivirtivik.org\/en\/wp-json\/wp\/v2\/pages"}],"about":[{"href":"http:\/\/ivirtivik.org\/en\/wp-json\/wp\/v2\/types\/page"}],"author":[{"embeddable":true,"href":"http:\/\/ivirtivik.org\/en\/wp-json\/wp\/v2\/users\/1"}],"replies":[{"embeddable":true,"href":"http:\/\/ivirtivik.org\/en\/wp-json\/wp\/v2\/comments?post=108"}],"version-history":[{"count":7,"href":"http:\/\/ivirtivik.org\/en\/wp-json\/wp\/v2\/pages\/108\/revisions"}],"predecessor-version":[{"id":589,"href":"http:\/\/ivirtivik.org\/en\/wp-json\/wp\/v2\/pages\/108\/revisions\/589"}],"wp:featuredmedia":[{"embeddable":true,"href":"http:\/\/ivirtivik.org\/en\/wp-json\/wp\/v2\/media\/109"}],"wp:attachment":[{"href":"http:\/\/ivirtivik.org\/en\/wp-json\/wp\/v2\/media?parent=108"}],"curies":[{"name":"wp","href":"https:\/\/api.w.org\/{rel}","templated":true}]}}