{"id":14,"date":"2014-04-15T17:36:08","date_gmt":"2014-04-15T16:36:08","guid":{"rendered":"http:\/\/ivirtivik.org\/?page_id=14"},"modified":"2025-09-08T15:47:06","modified_gmt":"2025-09-08T14:47:06","slug":"contacts","status":"publish","type":"page","link":"http:\/\/ivirtivik.org\/fr\/contacts\/","title":{"rendered":"Contacts"},"content":{"rendered":"<div  class=\"tile \">\n<div  class=\"hd \">Centre ivirtivik Montr\u00e9al<\/div>\n<div  class=\"map \">\n<iframe loading=\"lazy\" style=\"border: 0px currentColor;\" src=\"https:\/\/www.google.com\/maps\/embed?pb=!1m14!1m8!1m3!1d5597.101239700955!2d-73.5717332!3d45.45871100000001!3m2!1i1024!2i768!4f13.1!3m3!1m2!1s0x4cc91060b3efd9ad%3A0x91d1d8b63a8a7d!2s4590+Verdun+St!5e0!3m2!1sen!2s!4v1398708326138\" width=\"100%\" height=\"300\" frameborder=\"0\"><\/iframe>\n<\/div>\n<div class=\"bd\">\n<h6>Centre Ivirtivik<\/h6>\n<p class=\"address\">4590 de verdun, Suite 200 Montr\u00e9al Qu\u00e9bec H4G 1M3<br \/>\n<em class=\"metro-station\">Verdun<\/em><br \/>\n<em class=\"phone-type\">T<\/em> 514 564 3051 <em class=\"phone-type\">F<\/em> 514 419 2439<\/p>\n<h6>Isabelle Pr\u00e9gent <small>Directrice g\u00e9n\u00e9rale, PS Jeunesse<br \/>\n<\/small><\/h6>\n<p><a href=\"mailto:ipregent@psjeunesse.org\">ipregent@psjeunesse.org<\/a><\/p>\n<h6>Isabelle Picard <small>Cheffe principale des Services Inuit, PS Jeunesse<\/small><\/h6>\n<p><a href=\"mailto:ipicard@psjeunesse.org\">ipicard@psjeunesse.org<\/a><\/p>\n<h6>Claudia Sescu\u00a0 <small>Cheffe d&rsquo;\u00e9quipe, Ivirtivik<br \/>\n<\/small><\/h6>\n<p><a href=\"mailto:csescu@ivirtivik.org\">csescu@ivirtivik.org<\/a><\/p>\n<h6>Marianne Brassard <small>Conseill\u00e8re en emploi, Ivirtivik<br \/>\n<\/small><\/h6>\n<p><a href=\"mailto:mbrassard@ivirtivik.org\">mbrassard@ivirtivik.org<\/a><\/p>\n<h6>Michael Smith <small>Conseiller en emploi, Ivirtivik<br \/>\n<\/small><\/h6>\n<p><a href=\"mailto:msmith@ivirtivik.org\">msmith@ivirtivik.org<\/a><\/p>\n<h6>Piatsi Nauya\u00a0<small> Animatrice, Ivirtivik<\/small><\/h6>\n<p><a href=\"mailto:pnauya@ivirtivik.org\">pnauya@ivirtivik.org<\/a><\/p>\n<h6>Tapia Apak\u00a0<small> Agente d\u2019emploi urbain, Ivirtivik<br \/>\n<\/small><\/h6>\n<p><a href=\"mailto:info@ivirtivik.org\">info@ivirtivik.org<\/a><\/p>\n<p>&nbsp;<\/p>\n<\/div>\n<\/div>\n","protected":false},"excerpt":{"rendered":"<p>Centre ivirtivik Montr\u00e9al Centre Ivirtivik 4590 de verdun, Suite 200 Montr\u00e9al Qu\u00e9bec H4G 1M3 Verdun T 514 564 3051 F 514 419 2439 Isabelle Pr\u00e9gent Directrice g\u00e9n\u00e9rale, PS Jeunesse ipregent@psjeunesse.org Isabelle Picard Cheffe principale des Services Inuit, PS Jeunesse ipicard@psjeunesse.org Claudia Sescu\u00a0 Cheffe d&rsquo;\u00e9quipe, Ivirtivik csescu@ivirtivik.org Marianne Brassard Conseill\u00e8re en emploi, Ivirtivik mbrassard@ivirtivik.org Michael Smith [&hellip;]<\/p>\n","protected":false},"author":1,"featured_media":52,"parent":0,"menu_order":0,"comment_status":"open","ping_status":"open","template":"","meta":{"footnotes":""},"class_list":["post-14","page","type-page","status-publish","has-post-thumbnail","hentry"],"_links":{"self":[{"href":"http:\/\/ivirtivik.org\/fr\/wp-json\/wp\/v2\/pages\/14","targetHints":{"allow":["GET"]}}],"collection":[{"href":"http:\/\/ivirtivik.org\/fr\/wp-json\/wp\/v2\/pages"}],"about":[{"href":"http:\/\/ivirtivik.org\/fr\/wp-json\/wp\/v2\/types\/page"}],"author":[{"embeddable":true,"href":"http:\/\/ivirtivik.org\/fr\/wp-json\/wp\/v2\/users\/1"}],"replies":[{"embeddable":true,"href":"http:\/\/ivirtivik.org\/fr\/wp-json\/wp\/v2\/comments?post=14"}],"version-history":[{"count":69,"href":"http:\/\/ivirtivik.org\/fr\/wp-json\/wp\/v2\/pages\/14\/revisions"}],"predecessor-version":[{"id":704,"href":"http:\/\/ivirtivik.org\/fr\/wp-json\/wp\/v2\/pages\/14\/revisions\/704"}],"wp:featuredmedia":[{"embeddable":true,"href":"http:\/\/ivirtivik.org\/fr\/wp-json\/wp\/v2\/media\/52"}],"wp:attachment":[{"href":"http:\/\/ivirtivik.org\/fr\/wp-json\/wp\/v2\/media?parent=14"}],"curies":[{"name":"wp","href":"https:\/\/api.w.org\/{rel}","templated":true}]}}