{"id":6,"date":"2014-04-15T17:35:34","date_gmt":"2014-04-15T16:35:34","guid":{"rendered":"http:\/\/ivirtivik.org\/?page_id=6"},"modified":"2024-11-28T17:32:37","modified_gmt":"2024-11-28T16:32:37","slug":"a-propos","status":"publish","type":"page","link":"http:\/\/ivirtivik.org\/fr\/a-propos\/","title":{"rendered":"\u00c0 propos"},"content":{"rendered":"<h2>Qu\u2019est-ce qu\u2019Ivirtivik?<\/h2>\n<p>Sp\u00e9cialement d\u00e9di\u00e9 \u00e0 la communaut\u00e9 inuit, Ivirtivik est un projet permettant l\u2019int\u00e9gration socioprofessionnelle et le d\u00e9veloppement de comp\u00e9tences de personnes inuit \u00e2g\u00e9es de 18 ans et plus. Ivirtivik a pris naissance \u00e0 Verdun, dans le sud de Montr\u00e9al, avec la vision d\u2019amener les participants \u00e0 se connecter \u00e0 la communaut\u00e9 par des activit\u00e9s concr\u00e8tes qui rejoignent leurs valeurs, leurs aptitudes et leurs pr\u00e9f\u00e9rences. Le projet\u00a0a \u00e9galement \u00e9t\u00e9 mis en \u0153uvre dans le village d\u2019Inukjuak au Nunavik de septembre 2013 \u00e0 juin 2017.<\/p>\n<h2>L\u2019approche<\/h2>\n<p>Les participants au projet Ivirtivik prennent part \u00e0 une vari\u00e9t\u00e9 d\u2019activit\u00e9s de groupe et collaborent \u00e0 des projets collectifs qui leur permettent de d\u00e9velopper leurs m\u00e9thodes de travail, leur esprit d\u2019\u00e9quipe, leur sens de l\u2019organisation et plusieurs autres aptitudes transf\u00e9rables dans leur vie quotidienne et dans le cadre d\u2019un emploi.<\/p>\n<p>Le projet Ivirtivik est innovateur avec son approche qui prend en compte toutes les sph\u00e8res de la vie d\u2019un individu, qu\u2019elles soient spirituelle, mentale, physique ou encore \u00e9motionnelle. L\u2019environnement social, \u00e9conomique et culturel des participants inuit est respect\u00e9e et consid\u00e9r\u00e9e \u00e0 toutes les \u00e9tapes d\u2019intervention.<\/p>\n<h2>Les\u00a0acteurs du projet<\/h2>\n<p>Le projet Ivirtivik est une initiative de l&rsquo;Administation R\u00e9gionale Kativik (ARK), soutenu financi\u00e8rement par le gouvernement provincial par le biais des Projets de pr\u00e9paration \u00e0 l&#8217;emploi (PPE).<\/p>\n<ul class=\"thumb-list\">\n<li><img decoding=\"async\" class=\"alignnone size-thumbnail wp-image-230\" src=\"http:\/\/ivirtivik.org\/wp-content\/uploads\/2014\/04\/KRG-150x150.jpg\" alt=\"KRG\" width=\"125\" srcset=\"http:\/\/ivirtivik.org\/wp-content\/uploads\/2014\/04\/KRG-150x150.jpg 150w, http:\/\/ivirtivik.org\/wp-content\/uploads\/2014\/04\/KRG-300x300.jpg 300w, http:\/\/ivirtivik.org\/wp-content\/uploads\/2014\/04\/KRG.jpg 303w\" sizes=\"(max-width: 150px) 100vw, 150px\" \/>\n<div>\n<h6>Administration r\u00e9gionale Kativik (ARK)<\/h6>\n<p>L\u2019Administration r\u00e9gionale Kativik (ARK) a \u00e9t\u00e9 cr\u00e9\u00e9e en 1978 dans le but d\u2019offrir des services publics aux Nunavimmiuts. Les municipalit\u00e9s de la r\u00e9gion du Nunavik et le gouvernement du Qu\u00e9bec lui confient des mandats comme le d\u00e9veloppement \u00e9conomique local et r\u00e9gional, le d\u00e9veloppement d\u2019entreprises, l\u2019emploi, la formation et le soutien du revenu et plusieurs autres services destin\u00e9s \u00e0 la communaut\u00e9 inuit du Nunavik.<\/p>\n<p><a href=\"http:\/\/www.krg.ca\">Pour en savoir plus<\/a><\/p>\n<\/div>\n<\/li>\n<li><img decoding=\"async\" class=\"alignnone size-thumbnail wp-image-236\" src=\"http:\/\/ivirtivik.org\/wp-content\/uploads\/2014\/07\/LogoPSJeunesse1.jpg\" alt=\"LogoPSJeunesse\" width=\"125\" \/>\n<div>\n<h6>P.S. Jeunesse<\/h6>\n<p>Situ\u00e9 \u00e0 Salaberry-de-Valleyfield, P.S. Jeunesse \u0153uvre dans le domaine de l\u2019employabilit\u00e9 depuis plus de 30 ans. Au fil du temps, l\u2019organisme a d\u00e9velopper une expertise d\u2019intervention pointue dans la r\u00e9insertion des personnes \u00e9loign\u00e9es du march\u00e9 du travail. L\u2019organisme a six points de services (Valleyfield, St-R\u00e9mi, Ch\u00e2teauguay, Huntingdon, Vaudreuil et Verdun) et offrent ses activit\u00e9s en fran\u00e7ais et en anglais aux participants. P.S. Jeunesse assure les op\u00e9rations au sein du projet Ivirtivik.<\/p>\n<p><a href=\"http:\/\/www.psjeunesse.org\">Pour en savoir plus<\/a><\/p>\n<\/div>\n<\/li>\n<li><a href=\"http:\/\/ivirtivik.org\/wp-content\/uploads\/2014\/04\/AXTRA-RGB_alliance.png\"><img loading=\"lazy\" decoding=\"async\" class=\"alignnone wp-image-530 size-thumbnail\" src=\"http:\/\/ivirtivik.org\/wp-content\/uploads\/2014\/04\/AXTRA-RGB_alliance-150x150.png\" alt=\"\" width=\"150\" height=\"150\" \/><\/a>\n<div>\n<h6>AXTRA | Alliance des centres-conseils en emploi<\/h6>\n<p>AXTRA est un organisme \u00e0 but non lucratif l\u00e9galement constitu\u00e9 depuis 1987. Il s\u2019agit d\u2019un regroupement compos\u00e9 de 90 organismes membres \u0153uvrant en employabilit\u00e9 et en insertion socioprofessionnelle. Ses membres sont r\u00e9partis dans 15 des 17 r\u00e9gions administratives du Qu\u00e9bec et desservent au total une client\u00e8le de plus de 80 000 individus par ann\u00e9e, ce qui en fait le plus important regroupement en employabilit\u00e9 intervenant aupr\u00e8s des adultes au Qu\u00e9bec.<\/p>\n<p><a href=\"http:\/\/www.axtra.ca\">Pour en savoir plus<\/a><\/p>\n<\/div>\n<\/li>\n<\/ul>\n","protected":false},"excerpt":{"rendered":"<p>Qu\u2019est-ce qu\u2019Ivirtivik? Sp\u00e9cialement d\u00e9di\u00e9 \u00e0 la communaut\u00e9 inuit, Ivirtivik est un projet permettant l\u2019int\u00e9gration socioprofessionnelle et le d\u00e9veloppement de comp\u00e9tences de personnes inuit \u00e2g\u00e9es de 18 ans et plus. Ivirtivik a pris naissance \u00e0 Verdun, dans le sud de Montr\u00e9al, avec la vision d\u2019amener les participants \u00e0 se connecter \u00e0 la communaut\u00e9 par des activit\u00e9s [&hellip;]<\/p>\n","protected":false},"author":1,"featured_media":50,"parent":0,"menu_order":0,"comment_status":"open","ping_status":"closed","template":"","meta":{"footnotes":""},"class_list":["post-6","page","type-page","status-publish","has-post-thumbnail","hentry"],"_links":{"self":[{"href":"http:\/\/ivirtivik.org\/fr\/wp-json\/wp\/v2\/pages\/6","targetHints":{"allow":["GET"]}}],"collection":[{"href":"http:\/\/ivirtivik.org\/fr\/wp-json\/wp\/v2\/pages"}],"about":[{"href":"http:\/\/ivirtivik.org\/fr\/wp-json\/wp\/v2\/types\/page"}],"author":[{"embeddable":true,"href":"http:\/\/ivirtivik.org\/fr\/wp-json\/wp\/v2\/users\/1"}],"replies":[{"embeddable":true,"href":"http:\/\/ivirtivik.org\/fr\/wp-json\/wp\/v2\/comments?post=6"}],"version-history":[{"count":16,"href":"http:\/\/ivirtivik.org\/fr\/wp-json\/wp\/v2\/pages\/6\/revisions"}],"predecessor-version":[{"id":702,"href":"http:\/\/ivirtivik.org\/fr\/wp-json\/wp\/v2\/pages\/6\/revisions\/702"}],"wp:featuredmedia":[{"embeddable":true,"href":"http:\/\/ivirtivik.org\/fr\/wp-json\/wp\/v2\/media\/50"}],"wp:attachment":[{"href":"http:\/\/ivirtivik.org\/fr\/wp-json\/wp\/v2\/media?parent=6"}],"curies":[{"name":"wp","href":"https:\/\/api.w.org\/{rel}","templated":true}]}}