{"id":8,"date":"2014-04-15T17:35:41","date_gmt":"2014-04-15T16:35:41","guid":{"rendered":"http:\/\/ivirtivik.org\/?page_id=8"},"modified":"2024-11-28T17:23:01","modified_gmt":"2024-11-28T16:23:01","slug":"services","status":"publish","type":"page","link":"http:\/\/ivirtivik.org\/fr\/services\/","title":{"rendered":"Services"},"content":{"rendered":"<h2>Le Centre Ivirtivik<\/h2>\n<h6 class=\"half-paragraph-break\">Ivirtivik \u2013 Verdun, Montr\u00e9al<\/h6>\n<div class=\"address half-paragraph-break\">4590 de Verdun n\u00b0 200, Montr\u00e9al, QC, H4G 1M3<\/div>\n<p>Ouvert depuis 2010, le Centre Ivirtivik est situ\u00e9 \u00e0 Verdun, dans le sud de Montr\u00e9al. Le Centre accueille jusqu\u2019\u00e0 une quinzaine de participants inuit \u00e0 la fois de la r\u00e9gion m\u00e9tropolitaine de Montr\u00e9al. Son objectif est d\u2019aider les participants \u00e0 int\u00e9grer le march\u00e9 du travail ou \u00e0 effectuer un retour aux \u00e9tudes. Une \u00e9quipe de six y travaille et aide les participants \u00e0 d\u00e9velopper leurs comp\u00e9tences personnelles et professionnelles \u00e0 travers des cours et activit\u00e9s, des visites exploratoires et du counseling individuel. Les services s\u2019offrent aux participants en fran\u00e7ais, en anglais et en inuktitut. Le programme s\u2019effectue sur une p\u00e9riode d\u2019en moyenne six mois \u00e0 raison de 30 heures par semaine.<\/p>\n<h2>L\u2019offre aux participants d\u2019Ivirtivik<\/h2>\n<p class=\"no-paragraph-break\">Afin d\u2019accomplir leur mission d\u2019int\u00e9gration socioprofessionnelle, le Centre Ivirtivik applique une vari\u00e9t\u00e9 de m\u00e9thodes d\u2019intervention aupr\u00e8s des participants au projet :<\/p>\n<ul>\n<li>Coaching individuel<\/li>\n<li>Counseling d\u2019orientation<\/li>\n<li>D\u00e9veloppement de comp\u00e9tences essentielles<\/li>\n<li>D\u00e9veloppement personnel et relationnel<\/li>\n<li>Plan d\u2019action personnalis\u00e9<\/li>\n<li>Information sur le march\u00e9 du travail<\/li>\n<li>Strat\u00e9gies de recherche d\u2019emploi<\/li>\n<li>Exploration de carri\u00e8re<\/li>\n<li>Activit\u00e9s avec les partenaires du milieu<\/li>\n<li>Projets collectifs<\/li>\n<li>Introduction \u00e0 la langue fran\u00e7aise<\/li>\n<li>Maintien en emploi<\/li>\n<\/ul>\n<p>Int\u00e9ress\u00e9 \u00e0 participer au projet? Communiquez avec nous pour obtenir plus de d\u00e9tails sur les conditions d\u2019admission.<\/p>\n","protected":false},"excerpt":{"rendered":"<p>Le Centre Ivirtivik Ivirtivik \u2013 Verdun, Montr\u00e9al 4590 de Verdun n\u00b0 200, Montr\u00e9al, QC, H4G 1M3 Ouvert depuis 2010, le Centre Ivirtivik est situ\u00e9 \u00e0 Verdun, dans le sud de Montr\u00e9al. Le Centre accueille jusqu\u2019\u00e0 une quinzaine de participants inuit \u00e0 la fois de la r\u00e9gion m\u00e9tropolitaine de Montr\u00e9al. Son objectif est d\u2019aider les participants [&hellip;]<\/p>\n","protected":false},"author":1,"featured_media":75,"parent":0,"menu_order":0,"comment_status":"open","ping_status":"open","template":"","meta":{"footnotes":""},"class_list":["post-8","page","type-page","status-publish","has-post-thumbnail","hentry"],"_links":{"self":[{"href":"http:\/\/ivirtivik.org\/fr\/wp-json\/wp\/v2\/pages\/8","targetHints":{"allow":["GET"]}}],"collection":[{"href":"http:\/\/ivirtivik.org\/fr\/wp-json\/wp\/v2\/pages"}],"about":[{"href":"http:\/\/ivirtivik.org\/fr\/wp-json\/wp\/v2\/types\/page"}],"author":[{"embeddable":true,"href":"http:\/\/ivirtivik.org\/fr\/wp-json\/wp\/v2\/users\/1"}],"replies":[{"embeddable":true,"href":"http:\/\/ivirtivik.org\/fr\/wp-json\/wp\/v2\/comments?post=8"}],"version-history":[{"count":11,"href":"http:\/\/ivirtivik.org\/fr\/wp-json\/wp\/v2\/pages\/8\/revisions"}],"predecessor-version":[{"id":698,"href":"http:\/\/ivirtivik.org\/fr\/wp-json\/wp\/v2\/pages\/8\/revisions\/698"}],"wp:featuredmedia":[{"embeddable":true,"href":"http:\/\/ivirtivik.org\/fr\/wp-json\/wp\/v2\/media\/75"}],"wp:attachment":[{"href":"http:\/\/ivirtivik.org\/fr\/wp-json\/wp\/v2\/media?parent=8"}],"curies":[{"name":"wp","href":"https:\/\/api.w.org\/{rel}","templated":true}]}}