{"id":110,"date":"2014-04-15T17:35:57","date_gmt":"2014-04-15T16:35:57","guid":{"rendered":"http:\/\/ivirtivik.org\/liens-2\/"},"modified":"2020-03-12T20:03:37","modified_gmt":"2020-03-12T19:03:37","slug":"links","status":"publish","type":"page","link":"http:\/\/ivirtivik.org\/iu\/links\/","title":{"rendered":"\u140a\u1405\u14da\u1466\u14ef\u152a\u1466"},"content":{"rendered":"<h6>\u140a\u1405\u14da\u1466\u14ef\u14c2\u1550\u1439\u1466<\/h6>\n<ul class=\"no-bullet\">\n<li><a href=\"http:\/\/www.krg.ca\/\" target=\"_blank\" rel=\"noopener noreferrer\">\u1472\u144e\u1555\u1483 \u14c4\u14c7\u14d5\u14d5\u14ab\u1466 \u1472\u1559\u14aa\u1593 (KRG) \u1470\u153e\u152a\u140a\u1585, \u146f\u142f\u1483<\/a><\/li>\n<li><a href=\"http:\/\/www.psjeunesse.org\/default.htm\" target=\"_blank\" rel=\"noopener noreferrer\">\u1403\u14c5\u14f1\u1466\u1450\u14c2\u1483\u1403\u1472\u152a\u1550\u144f\u1466 (P.S. Jeunesse)\u2013 Salaberry-de-Valleyfield, Qu\u00e9bec<\/a><\/li>\n<li><a href=\"www.axtra.ca\" target=\"_blank\" rel=\"noopener noreferrer\">\u146f\u142f\u14bb\u14a5\u144e\u14a5\u1405\u152a\u1466\u140a\u1455\u1405\u14ef\u1405\u14d5\u1593\u152a\u1466\u1431\u14c7\u14f1\u1466\u144e\u1405\u148d\u14d0\u14c7\u14c2\u1550\u14a5\u1483\u1431\u1559\u14ea\u14d5\u140a\u144e\u1466\u14ef\u14c2\u1585\u1431\u1466\u152a\u144e\u148b\u14d7\u148d (AXTRA) \u2013 Montr\u00e9al, Qu\u00e9bec<\/a><\/li>\n<\/ul>\n<h6>\u1431\u14c7\u14f1\u1583\u144e\u158f\u1466 \u140a\u14ef\u158f\u14ea\u14d7 \u1403\u14f1\u140a\u1581\u1455\u1405\u152a\u1466<\/h6>\n<ul class=\"no-bullet\">\n<li style=\"list-style-type: none;\">\n<ul class=\"no-bullet\">\n<li><a href=\"http:\/\/www.frontiercollege.ca\/organisme_alphabetisation.html\" target=\"_blank\" rel=\"noopener noreferrer\">Coll\u00e8ge Fronti\u00e8re, organisme d\u2019alphab\u00e9tisation national \u2013 Montr\u00e9al, Qu\u00e9bec<\/a><\/li>\n<li><a href=\"http:\/\/www.fimesip.ca\/\" target=\"_blank\" rel=\"noopener noreferrer\">First Nations, Inuit and M\u00e9tis Essential Skills Inventory Project (FIMESIP) \u2013 Ottawa, Ontario<\/a><\/li>\n<li><a href=\"https:\/\/pijunnaqunga.org\/\" target=\"_blank\" rel=\"noopener noreferrer\">Pijunnaqunga<\/a><\/li>\n<li><a href=\"https:\/\/www.quebec.ca\/\" target=\"_blank\" rel=\"noopener noreferrer\">Services Qu\u00e9bec, r\u00e9gion de Montr\u00e9al<\/a><\/li>\n<li><a href=\"http:\/\/www.ccpnimt-fnilmac.com\/en\/index.html\" target=\"_blank\" rel=\"noopener noreferrer\">Comit\u00e9 consultatif Premi\u00e8res Nations et Inuit<\/a><\/li>\n<li><a href=\"https:\/\/www.facebook.com\/ivirtivikmontreal\" target=\"_blank\" rel=\"noopener noreferrer\">Page Facebook &#8211; Centre Ivirtivik, Verdun<\/a><\/li>\n<li><a href=\"https:\/\/www.facebook.com\/ps.jeunesse.focus.travail.en.liberte\" target=\"_blank\" rel=\"noopener noreferrer\">Page Facebook &#8211; PS Jeunesse<\/a><\/li>\n<\/ul>\n","protected":false},"excerpt":{"rendered":"<p>\u140a\u1405\u14da\u1466\u14ef\u14c2\u1550\u1439\u1466 \u1472\u144e\u1555\u1483 \u14c4\u14c7\u14d5\u14d5\u14ab\u1466 \u1472\u1559\u14aa\u1593 (KRG) \u1470\u153e\u152a\u140a\u1585, \u146f\u142f\u1483 \u1403\u14c5\u14f1\u1466\u1450\u14c2\u1483\u1403\u1472\u152a\u1550\u144f\u1466 (P.S. Jeunesse)\u2013 Salaberry-de-Valleyfield, Qu\u00e9bec \u146f\u142f\u14bb\u14a5\u144e\u14a5\u1405\u152a\u1466\u140a\u1455\u1405\u14ef\u1405\u14d5\u1593\u152a\u1466\u1431\u14c7\u14f1\u1466\u144e\u1405\u148d\u14d0\u14c7\u14c2\u1550\u14a5\u1483\u1431\u1559\u14ea\u14d5\u140a\u144e\u1466\u14ef\u14c2\u1585\u1431\u1466\u152a\u144e\u148b\u14d7\u148d (AXTRA) \u2013 Montr\u00e9al, Qu\u00e9bec \u1431\u14c7\u14f1\u1583\u144e\u158f\u1466 \u140a\u14ef\u158f\u14ea\u14d7 \u1403\u14f1\u140a\u1581\u1455\u1405\u152a\u1466 Coll\u00e8ge Fronti\u00e8re, organisme d\u2019alphab\u00e9tisation national \u2013 Montr\u00e9al, Qu\u00e9bec First Nations, Inuit and M\u00e9tis Essential Skills Inventory Project (FIMESIP) \u2013 Ottawa, Ontario Pijunnaqunga Services Qu\u00e9bec, r\u00e9gion de Montr\u00e9al Comit\u00e9 consultatif Premi\u00e8res Nations et Inuit Page Facebook [&hellip;]<\/p>\n","protected":false},"author":1,"featured_media":77,"parent":0,"menu_order":0,"comment_status":"open","ping_status":"open","template":"","meta":{"footnotes":""},"class_list":["post-110","page","type-page","status-publish","has-post-thumbnail","hentry"],"_links":{"self":[{"href":"http:\/\/ivirtivik.org\/iu\/wp-json\/wp\/v2\/pages\/110","targetHints":{"allow":["GET"]}}],"collection":[{"href":"http:\/\/ivirtivik.org\/iu\/wp-json\/wp\/v2\/pages"}],"about":[{"href":"http:\/\/ivirtivik.org\/iu\/wp-json\/wp\/v2\/types\/page"}],"author":[{"embeddable":true,"href":"http:\/\/ivirtivik.org\/iu\/wp-json\/wp\/v2\/users\/1"}],"replies":[{"embeddable":true,"href":"http:\/\/ivirtivik.org\/iu\/wp-json\/wp\/v2\/comments?post=110"}],"version-history":[{"count":11,"href":"http:\/\/ivirtivik.org\/iu\/wp-json\/wp\/v2\/pages\/110\/revisions"}],"predecessor-version":[{"id":593,"href":"http:\/\/ivirtivik.org\/iu\/wp-json\/wp\/v2\/pages\/110\/revisions\/593"}],"wp:featuredmedia":[{"embeddable":true,"href":"http:\/\/ivirtivik.org\/iu\/wp-json\/wp\/v2\/media\/77"}],"wp:attachment":[{"href":"http:\/\/ivirtivik.org\/iu\/wp-json\/wp\/v2\/media?parent=110"}],"curies":[{"name":"wp","href":"https:\/\/api.w.org\/{rel}","templated":true}]}}